{"id":18,"date":"2015-08-05T19:21:07","date_gmt":"2015-08-05T19:21:07","guid":{"rendered":"http:\/\/ixtaco.com\/?page_id=18"},"modified":"2015-09-21T15:31:34","modified_gmt":"2015-09-21T15:31:34","slug":"menu","status":"publish","type":"page","link":"http:\/\/ixtaco.com\/index.php\/menu\/","title":{"rendered":"Menu"},"content":{"rendered":"<p>&nbsp;<\/p>\n<p><span style=\"color: #ff0000;\"><strong>BREAKFAST &#8211; BURRITOS \/ TORTAS \/ QUESADILLAS<\/strong><\/span><\/p>\n<hr \/>\n<p>Beans, Eggs, and Cheese included.<\/p>\n<ul>\n<li>Chorizo<\/li>\n<li>Asada<\/li>\n<li>Tinga<\/li>\n<li>Carnitas<\/li>\n<li>Bacon<\/li>\n<li>Ham<\/li>\n<li>Mushrooms &amp; Spinach (Veggie)<\/li>\n<\/ul>\n<hr \/>\n<p><span style=\"color: #ff0000;\"><strong>TACOS \/ BURRITOS \/ TORTAS \/ SOPES \/ QUESADILLAS<\/strong><\/span><\/p>\n<hr \/>\n<ul>\n<li>Asada Al Carbon<\/li>\n<li>Carnitas<\/li>\n<li>Chicharr\u00f3n<\/li>\n<li>Carnitas y Chicharr\u00f3n<\/li>\n<li>Al Tocino<\/li>\n<li>Pollo (Tinga, Frita o en Mole)<\/li>\n<li>Pescado (Frita o con Mojo)<\/li>\n<li>Calamari<\/li>\n<li>Camar\u00f3n (Frita o con Mojo)<\/li>\n<li>Roasted Duck<\/li>\n<\/ul>\n<hr \/>\n<p><span style=\"color: #ff0000;\"><strong>SALSAS<\/strong><\/span><\/p>\n<hr \/>\n<ul>\n<li>Roja<\/li>\n<li>Verde<\/li>\n<li>Chipotle<\/li>\n<li>Mango Habanero<\/li>\n<li>Avocado<\/li>\n<\/ul>\n<hr \/>\n<p><span style=\"color: #ff0000;\"><strong>TAPAS<\/strong><\/span><\/p>\n<hr \/>\n<ul>\n<li>Chips y Salsa<\/li>\n<li>Chips y Chicharr\u00f3n<\/li>\n<li>Nachos y Salsa<\/li>\n<li>Nachos Superior<\/li>\n<li>Flautas de Tinga<\/li>\n<li>Grilled Elotes<\/li>\n<li>Papas<\/li>\n<li>Papas Superior<\/li>\n<li>Flan<\/li>\n<li>Tapas<\/li>\n<\/ul>\n<hr \/>\n<p><span style=\"color: #ff0000;\"><strong>BEBIDAS<\/strong><\/span><\/p>\n<hr \/>\n<ul>\n<li>Aquas Frescas<\/li>\n<li>Coffee<\/li>\n<li>Iced Coffee<\/li>\n<li>Iced Tea<\/li>\n<li>Coke<\/li>\n<li>Bottle Water<\/li>\n<\/ul>\n","protected":false},"excerpt":{"rendered":"<p>&nbsp; BREAKFAST &#8211; BURRITOS \/ TORTAS \/ QUESADILLAS Beans, Eggs, and Cheese included. Chorizo Asada Tinga Carnitas Bacon Ham Mushrooms &amp; Spinach (Veggie) TACOS \/ BURRITOS \/ TORTAS \/ SOPES \/ QUESADILLAS Asada Al Carbon Carnitas Chicharr\u00f3n Carnitas y Chicharr\u00f3n Al Tocino Pollo (Tinga, Frita o en Mole) Pescado (Frita o con Mojo) Calamari Camar\u00f3n<a href=\"http:\/\/ixtaco.com\/index.php\/menu\/\">[&#8230;]<\/a><\/p>\n","protected":false},"author":1,"featured_media":0,"parent":0,"menu_order":0,"comment_status":"open","ping_status":"open","template":"template-fullwidth.php","meta":[],"_links":{"self":[{"href":"http:\/\/ixtaco.com\/index.php\/wp-json\/wp\/v2\/pages\/18"}],"collection":[{"href":"http:\/\/ixtaco.com\/index.php\/wp-json\/wp\/v2\/pages"}],"about":[{"href":"http:\/\/ixtaco.com\/index.php\/wp-json\/wp\/v2\/types\/page"}],"author":[{"embeddable":true,"href":"http:\/\/ixtaco.com\/index.php\/wp-json\/wp\/v2\/users\/1"}],"replies":[{"embeddable":true,"href":"http:\/\/ixtaco.com\/index.php\/wp-json\/wp\/v2\/comments?post=18"}],"version-history":[{"count":11,"href":"http:\/\/ixtaco.com\/index.php\/wp-json\/wp\/v2\/pages\/18\/revisions"}],"predecessor-version":[{"id":47,"href":"http:\/\/ixtaco.com\/index.php\/wp-json\/wp\/v2\/pages\/18\/revisions\/47"}],"wp:attachment":[{"href":"http:\/\/ixtaco.com\/index.php\/wp-json\/wp\/v2\/media?parent=18"}],"curies":[{"name":"wp","href":"https:\/\/api.w.org\/{rel}","templated":true}]}}